{"id":8,"date":"2012-04-03T08:42:14","date_gmt":"2012-04-03T08:42:14","guid":{"rendered":"http:\/\/www.skylinesrl.com\/site\/?page_id=8"},"modified":"2021-10-06T09:36:58","modified_gmt":"2021-10-06T09:36:58","slug":"prodotti","status":"publish","type":"page","link":"https:\/\/www.skylinesrl.com\/site\/?page_id=8","title":{"rendered":"Dettaglio Prodotti"},"content":{"rendered":"<h1><em><strong>Ultimi Modelli di Telecamere IP<\/strong><\/em><\/h1>\r\n&nbsp;\r\n\r\n&nbsp;\r\n<table border=\"0\" width=\"100%\" cellspacing=\"0\" cellpadding=\"0\">\r\n<tbody>\r\n<tr>\r\n<td>\r\n<h1>\u00a0<a href=\"http:\/\/www.skylinesrl.com\/site\/wp-content\/uploads\/2012\/04\/dome-sky.jpg\"><img loading=\"lazy\" class=\"alignnone size-full wp-image-312\" src=\"http:\/\/www.skylinesrl.com\/site\/wp-content\/uploads\/2012\/04\/dome-sky.jpg\" alt=\"dome sky\" width=\"380\" height=\"384\" srcset=\"https:\/\/www.skylinesrl.com\/site\/wp-content\/uploads\/2012\/04\/dome-sky.jpg 380w, https:\/\/www.skylinesrl.com\/site\/wp-content\/uploads\/2012\/04\/dome-sky-296x300.jpg 296w, https:\/\/www.skylinesrl.com\/site\/wp-content\/uploads\/2012\/04\/dome-sky-250x252.jpg 250w\" sizes=\"(max-width: 380px) 100vw, 380px\" \/><\/a>\u00a0Dome Sky<\/h1>\r\n<\/td>\r\n<td><\/td>\r\n<\/tr>\r\n<tr>\r\n<td colspan=\"2\">Telecamera hight speed dome IP full hd 1080P con funzione di Auto Tracking con zoom ottico 20X + 20X di zoom digitale. Processore Hi3516D e CCD Sony, telcamera con grado di protezione esterno IP66 motorizzata 360\u00b0, Night &amp; Day grazie a 8 illuminatori Array OSRM la telecamera anche grazie alla sua potenza di zoom \u00e8 ingrado di catturare immagini chiare e nitide fino ad una distanza di 150 Mt. nel buio completo. Il termine Hight ha un significato ben preciso ovvero indica una tipologia di Speed dome che sono in grado di muoversi molto pi\u00f9 velocemente rispetto alle normali speed dome, lo spostamento in orizzontale arriva fino a 240\u00b0\/sec e fino a 150 \u00b0\/sec. in verticale. Grazie al tergi cristallo la telecamera permette una visione nitida in ogni condizione atmosferica,Auto Tracking\r\nDi certo la pi\u00f9 importante \u00e8 la funzione autotracking grazie alla quale la telecamera \u00e8 capace di seguire il soggetto fin quando \u00e8 nel suo campo visivo, che considerato i 30X di zoom risulta parecchio ampio. L\u2019autotracking consente alcuni fondamentali settaggi come la sensibilit\u00e0 di rilevamento, la dimensione del bersaglio per il quale l\u2019autotracking deve entrare in funzione e molto altro.ROI Encoding\r\n\u00c8 stata sviluppata una nuova tecnologia, denominata Region of Interest (ROI), che risolve questo problema fornendo la massima qualit\u00e0 delle immagini sulle aree o su una scena o oggetti di maggiore interesse riducendo al contempo il livello di qualit\u00e0 in aree poco interessanti per fornire la massima qualit\u00e0Preset e funzione TOUR\r\nOvviamente stiamo parlando di una speed dome di altissima fascia e come tale possiede una sua memoria interna per la memorizzazione di Preset e Tour da preimpostare. I preset sono dei punti prestabiliti di coordinate XY, zoom e fuoco, gli stessi preset possono poi essere richiamati da console. Successivamente si possono impostare anche dei Tour automatici una sequenza di preset che vengono richiamati in automatico dalla telecamera, come i Preset anche i Tour possono essere richiamati da console, la telecamera pu\u00f2 memorizzare fino a 256 preset.Pattern\r\nServe a specificare sequenze di movimenti e richiamarle in modo che vengano eseguite dalla telecamera senza l&#8217;azione dell&#8217;operatore. I pattern appunto possono comprendere sia movimenti di brandeggio e sia controlli sulla focale (zoom, fuoco etc).Autoflip\r\nFunzione che permette di seguire un soggetto oltre la verticale (90\u00b0 TILT) grazie alla automatica rotazione di 180\u00b0 della telecamera.Auto limit scan\r\nTalvolta si rende necessario di limitare i movimenti della telecamera e in quei casi entra in gioco questa funzione, che permette d\u2019impostare due limiti di finecorsa creando cos\u00ec una panoramica e ci\u00f2 permette di sorvegliare aree di grosse dimensioni.Area Indication\r\nSi \u00e8 in grado di identificare con dei titoli 8 aree di preimpostate, in modo che la telecamera mostrer\u00e0 in automatico i titoli delle aree in cui si posizioner\u00e0 durante i suoi spostamenti.<\/td>\r\n<\/tr>\r\n<\/tbody>\r\n<\/table>\r\n&#8211;\r\n<table border=\"0\" width=\"100%\" cellspacing=\"0\" cellpadding=\"0\">\r\n<tbody>\r\n<tr>\r\n<td>\r\n<h1>\u00a0<a href=\"http:\/\/www.skylinesrl.com\/site\/wp-content\/uploads\/2012\/04\/sky-5-Mega-P.jpg\"><img loading=\"lazy\" class=\"alignnone size-full wp-image-323\" src=\"http:\/\/www.skylinesrl.com\/site\/wp-content\/uploads\/2012\/04\/sky-5-Mega-P.jpg\" alt=\"sky 5 Mega P\" width=\"380\" height=\"383\" srcset=\"https:\/\/www.skylinesrl.com\/site\/wp-content\/uploads\/2012\/04\/sky-5-Mega-P.jpg 380w, https:\/\/www.skylinesrl.com\/site\/wp-content\/uploads\/2012\/04\/sky-5-Mega-P-150x150.jpg 150w, https:\/\/www.skylinesrl.com\/site\/wp-content\/uploads\/2012\/04\/sky-5-Mega-P-297x300.jpg 297w, https:\/\/www.skylinesrl.com\/site\/wp-content\/uploads\/2012\/04\/sky-5-Mega-P-250x251.jpg 250w\" sizes=\"(max-width: 380px) 100vw, 380px\" \/><\/a>\u00a0Sky 5 Mp<\/h1>\r\n<\/td>\r\n<td><\/td>\r\n<\/tr>\r\n<tr>\r\n<td colspan=\"2\">\u00a0Chipset\r\nCPU 1\/2.8&#8243; SONY335+XM550A\r\nSistema Video Dual stream\r\nFunction\r\nFrequenza fotogrammi Max 15fps\r\nFunzione operativa Motion Detection, Privacy, E-mail, CMS, Push applicazione cellulare, AutoEsposizione, Auto Controllo guadagno, AutoBilanciamento bianco, IR-CUT, Supports color\/black switch\r\nProtocollo Onvif\/NETIP\r\nRete 10\/100M Ethernet, RJ45 Port, POE\r\nHardware\r\nFrequenza 128Kbps-8Mbps\r\nMaterial Metallo\r\nLed IR 24 SMD\r\nAlimentazione\r\nCorrente in Ingresso 1500 mA\r\nTensione in Ingresso 12 VDC\r\nSize\r\nDimensioni Packing 170x62x62mm\r\nScheda Tecnica\r\nCompressione Video H.264 \/ H.265\r\nLente 2.8 &#8211; 12 mm\r\nRisoluzione Massimo 2592 (H) \u00d7 1944 (V)<\/td>\r\n<\/tr>\r\n<\/tbody>\r\n<\/table>\r\n&#8211;\r\n<table border=\"0\" width=\"100%\" cellspacing=\"0\" cellpadding=\"0\">\r\n<tbody>\r\n<tr>\r\n<td>\r\n<h1><span style=\"color: #333333; font-family: Georgia, 'Times New Roman', 'Bitstream Charter', Times, serif;\"><span style=\"font-size: 13px;\"><span style=\"color: #333333; font-family: Georgia, 'Times New Roman', 'Bitstream Charter', Times, serif;\">\u00a0<a href=\"http:\/\/www.skylinesrl.com\/site\/wp-content\/uploads\/2012\/04\/Targa-Sky.jpg\"><img loading=\"lazy\" class=\"alignnone size-full wp-image-325\" src=\"http:\/\/www.skylinesrl.com\/site\/wp-content\/uploads\/2012\/04\/Targa-Sky.jpg\" alt=\"Targa Sky\" width=\"380\" height=\"278\" srcset=\"https:\/\/www.skylinesrl.com\/site\/wp-content\/uploads\/2012\/04\/Targa-Sky.jpg 380w, https:\/\/www.skylinesrl.com\/site\/wp-content\/uploads\/2012\/04\/Targa-Sky-300x219.jpg 300w, https:\/\/www.skylinesrl.com\/site\/wp-content\/uploads\/2012\/04\/Targa-Sky-250x182.jpg 250w\" sizes=\"(max-width: 380px) 100vw, 380px\" \/><\/a>\u00a0<\/span><\/span><\/span>Targa Sky<\/h1>\r\n<h1><\/h1>\r\n<\/td>\r\n<td><span style=\"color: #333333; font-family: Georgia, 'Times New Roman', 'Bitstream Charter', Times, serif;\"><span style=\"font-size: 13px;\">\u00a0<\/span><\/span><\/td>\r\n<\/tr>\r\n<tr>\r\n<td colspan=\"2\"><span style=\"color: #333333; font-family: Georgia, 'Times New Roman', 'Bitstream Charter', Times, serif;\"><span style=\"color: #333333; font-family: Georgia, 'Times New Roman', 'Bitstream Charter', Times, serif;\"><span style=\"font-size: 13px;\">\u00a0<\/span><\/span><\/span>SPECIFICHE TECNICHE\r\nHardwareNameTARGA KILLERProcessoreHiSilicon, licenza speciale per gestione targheSensoreSONY 1\/2.8&#8243; Progressive Scan CMOSIlluminazione minima0.1 LuxElectronic shutter0\u20131ms, 0-2ms, 0-3ms, 0-4msLente\r\n\r\nCS iris fisso 6mm. opzionale 2,8.12, 6-22, 5-50\r\n\r\nWDR\r\n\r\n120dB\r\n\r\nPrestazioni\r\n\r\nPercentuale riconoscimenti\r\n\r\n95-99% in condizioni meteo ottimali\r\n\r\nGestione riconoscimento\r\n\r\n10 numeri arabi (0-10) e 26 lettere alfabeto inglese (A-Z)\r\n\r\nModalit\u00e0 attivazione\r\n\r\nVideo triggering, coil trigger, vehicle capturing rate\u226599\r\n\r\nRisoluzione\r\n\r\n1080P\uff081920\u00d71080\uff09,960P\uff081280&#215;960\uff09, 720P\uff081280&#215;720\uff09,D1\uff08704&#215;576\uff09\r\n\r\nFoto in uscita\r\n\r\n2 mega-pixel JPEG\r\n\r\nCompressione video\r\n\r\nH.265\/ H.264\/ MJPEG\r\n\r\nParametri interfaccia\r\n\r\nInterfaccia di rete\r\n\r\n10\/100M rete, spinotto RJ45\r\n\r\nIO interfaccia\r\n\r\n4 ingressi, 2 uscite\r\nAudio\r\n\r\n1 ingresso e 1 uscita\r\nInterfaccia seriale\r\n\r\n1 RS485\r\n\r\nTF card\r\n\r\nSupportata<\/td>\r\n<\/tr>\r\n<\/tbody>\r\n<\/table>\r\n\r\n&#8211;\r\n\r\n&nbsp;\r\n<div align=\"center\">\r\n<table border=\"0\" width=\"730\" cellspacing=\"0\" cellpadding=\"0\">\r\n<tbody>\r\n<tr>\r\n<td align=\"left\" width=\"243\">\r\n<p align=\"center\"><!--webbot bot=\"HTMLMarkup\" startspan --><iframe loading=\"lazy\" src=\"http:\/\/www.youtube.com\/embed\/Osxq-v1HJzg\" width=\"230\" height=\"147\" frameborder=\"0\" allowfullscreen=\"allowfullscreen\"><\/iframe><!--webbot bot=\"HTMLMarkup\" endspan --><\/p>\r\n<\/td>\r\n<td align=\"left\" width=\"243\">\r\n<p align=\"center\"><!--webbot bot=\"HTMLMarkup\" startspan --><iframe loading=\"lazy\" src=\"http:\/\/www.youtube.com\/embed\/E4ab-PZ4sIU\" width=\"230\" height=\"147\" frameborder=\"0\" allowfullscreen=\"allowfullscreen\"><\/iframe><!--webbot bot=\"HTMLMarkup\" endspan --><\/p>\r\n<\/td>\r\n<td align=\"left\" width=\"244\">\r\n<p align=\"center\"><!--webbot bot=\"HTMLMarkup\" startspan --><iframe loading=\"lazy\" src=\"http:\/\/www.youtube.com\/embed\/tGcr4y_JGvg\" width=\"230\" height=\"147\" frameborder=\"0\" allowfullscreen=\"allowfullscreen\"><\/iframe><!--webbot bot=\"HTMLMarkup\" endspan --><\/p>\r\n<\/td>\r\n<\/tr>\r\n<tr>\r\n<td align=\"left\" width=\"243\"><\/td>\r\n<td align=\"left\" width=\"243\"><\/td>\r\n<td align=\"left\" width=\"244\"><\/td>\r\n<\/tr>\r\n<tr>\r\n<td align=\"left\" width=\"243\">\r\n<p align=\"center\"><!--webbot bot=\"HTMLMarkup\" startspan --><iframe loading=\"lazy\" src=\"http:\/\/www.youtube.com\/embed\/z0JAPKZiEJg\" width=\"230\" height=\"147\" frameborder=\"0\" allowfullscreen=\"allowfullscreen\"><\/iframe><!--webbot bot=\"HTMLMarkup\" endspan --><\/p>\r\n<\/td>\r\n<td align=\"left\" width=\"243\">\r\n<p align=\"center\"><!--webbot bot=\"HTMLMarkup\" startspan --><iframe loading=\"lazy\" src=\"http:\/\/www.youtube.com\/embed\/RyRhXu_MM6w\" width=\"230\" height=\"147\" frameborder=\"0\" allowfullscreen=\"allowfullscreen\"><\/iframe><!--webbot bot=\"HTMLMarkup\" endspan --><\/p>\r\n<\/td>\r\n<td align=\"left\" width=\"244\">\r\n<p align=\"center\"><!--webbot bot=\"HTMLMarkup\" startspan --><iframe loading=\"lazy\" src=\"http:\/\/www.youtube.com\/embed\/cfph97Ad4no\" width=\"230\" height=\"147\" frameborder=\"0\" allowfullscreen=\"allowfullscreen\"><\/iframe><!--webbot bot=\"HTMLMarkup\" endspan --><\/p>\r\n<\/td>\r\n<\/tr>\r\n<\/tbody>\r\n<\/table>\r\n<\/div>\r\n&nbsp;","protected":false},"excerpt":{"rendered":"<p>Ultimi Modelli di Telecamere IP &nbsp; &nbsp; \u00a0\u00a0Dome Sky Telecamera hight speed dome IP full hd 1080P con funzione di Auto Tracking con zoom ottico 20X + 20X di zoom digitale. Processore Hi3516D e CCD Sony, telcamera con grado di protezione esterno IP66 motorizzata 360\u00b0, Night &amp; Day grazie a 8 illuminatori Array OSRM la [&hellip;]<\/p>\n","protected":false},"author":1,"featured_media":0,"parent":0,"menu_order":0,"comment_status":"open","ping_status":"open","template":"","meta":[],"_links":{"self":[{"href":"https:\/\/www.skylinesrl.com\/site\/index.php?rest_route=\/wp\/v2\/pages\/8"}],"collection":[{"href":"https:\/\/www.skylinesrl.com\/site\/index.php?rest_route=\/wp\/v2\/pages"}],"about":[{"href":"https:\/\/www.skylinesrl.com\/site\/index.php?rest_route=\/wp\/v2\/types\/page"}],"author":[{"embeddable":true,"href":"https:\/\/www.skylinesrl.com\/site\/index.php?rest_route=\/wp\/v2\/users\/1"}],"replies":[{"embeddable":true,"href":"https:\/\/www.skylinesrl.com\/site\/index.php?rest_route=%2Fwp%2Fv2%2Fcomments&post=8"}],"version-history":[{"count":18,"href":"https:\/\/www.skylinesrl.com\/site\/index.php?rest_route=\/wp\/v2\/pages\/8\/revisions"}],"predecessor-version":[{"id":340,"href":"https:\/\/www.skylinesrl.com\/site\/index.php?rest_route=\/wp\/v2\/pages\/8\/revisions\/340"}],"wp:attachment":[{"href":"https:\/\/www.skylinesrl.com\/site\/index.php?rest_route=%2Fwp%2Fv2%2Fmedia&parent=8"}],"curies":[{"name":"wp","href":"https:\/\/api.w.org\/{rel}","templated":true}]}}